{"id":441,"date":"2020-12-16T16:10:15","date_gmt":"2020-12-16T16:10:15","guid":{"rendered":"http:\/\/robertof4.sg-host.com\/prodotto\/import-placeholder-for-1230\/"},"modified":"2021-01-03T16:20:37","modified_gmt":"2021-01-03T16:20:37","slug":"barbabietola-pronta-290g","status":"publish","type":"product","link":"http:\/\/labarberina.it\/?product=barbabietola-pronta-290g","title":{"rendered":"barbabietola pronta 290g"},"content":{"rendered":"","protected":false},"excerpt":{"rendered":"<p>la barbabietola rossa \u00e8 considerata il <strong>superfood per gli sportivi<\/strong> perch\u00e8 ricca di propriet\u00e0 benefiche. E&#8217; ricca di vitamine e minerali, rafforza le difese naturali, \u00e8 considerato un ottimo antiossidante. Il caratteristico colore rosso \u00e8 dato dalla betanina, una sostanza che aiuta anche la depurazione del fegato.<\/p>\n<p>La nostra barbabietola, coltivata senza diserbanti ne pesticidi chimici, viene raccolta, lavorata artigianalmente, cotta a vapore, e quindi confezionata in un comodo vaso di vetro insieme ad un sugo a base di aceto di mele, olio extravergine di oliva, olio di semi di girasole. Salute e gusto, pronti da mangiare!<\/p>\n","protected":false},"featured_media":3109,"comment_status":"open","ping_status":"closed","template":"","meta":[],"product_cat":[99],"product_tag":[],"class_list":{"0":"post-441","1":"product","2":"type-product","3":"status-publish","4":"has-post-thumbnail","6":"product_cat-sottoli","8":"first","9":"outofstock","10":"featured","11":"shipping-taxable","12":"purchasable","13":"product-type-simple"},"yoast_head":"<!-- This site is optimized with the Yoast SEO plugin v19.10 - https:\/\/yoast.com\/wordpress\/plugins\/seo\/ -->\n<title>barbabietola pronta 290g - LaBarberina<\/title>\n<meta name=\"robots\" content=\"index, follow, max-snippet:-1, max-image-preview:large, max-video-preview:-1\" \/>\n<link rel=\"canonical\" href=\"http:\/\/labarberina.it\/?product=barbabietola-pronta-290g\" \/>\n<meta property=\"og:locale\" content=\"it_IT\" \/>\n<meta property=\"og:type\" content=\"article\" \/>\n<meta property=\"og:title\" content=\"barbabietola pronta 290g - LaBarberina\" \/>\n<meta property=\"og:description\" content=\"la barbabietola rossa \u00e8 considerata il superfood per gli sportivi perch\u00e8 ricca di propriet\u00e0 benefiche. E&#039; ricca di vitamine e minerali, rafforza le difese naturali, \u00e8 considerato un ottimo antiossidante. Il caratteristico colore rosso \u00e8 dato dalla betanina, una sostanza che aiuta anche la depurazione del fegato.  La nostra barbabietola, coltivata senza diserbanti ne pesticidi chimici, viene raccolta, lavorata artigianalmente, cotta a vapore, e quindi confezionata in un comodo vaso di vetro insieme ad un sugo a base di aceto di mele, olio extravergine di oliva, olio di semi di girasole. Salute e gusto, pronti da mangiare!\" \/>\n<meta property=\"og:url\" content=\"http:\/\/labarberina.it\/?product=barbabietola-pronta-290g\" \/>\n<meta property=\"og:site_name\" content=\"LaBarberina\" \/>\n<meta property=\"article:publisher\" content=\"https:\/\/www.facebook.com\/labarberina\/\" \/>\n<meta property=\"article:modified_time\" content=\"2021-01-03T16:20:37+00:00\" \/>\n<meta property=\"og:image\" content=\"http:\/\/labarberina.it\/wp-content\/uploads\/2020\/12\/Bottega_E-Shop-ImmProd_RavaES.jpg\" \/>\n\t<meta property=\"og:image:width\" content=\"567\" \/>\n\t<meta property=\"og:image:height\" content=\"567\" \/>\n\t<meta property=\"og:image:type\" content=\"image\/jpeg\" \/>\n<meta name=\"twitter:card\" content=\"summary_large_image\" \/>\n<script type=\"application\/ld+json\" class=\"yoast-schema-graph\">{\"@context\":\"https:\/\/schema.org\",\"@graph\":[{\"@type\":\"WebPage\",\"@id\":\"http:\/\/labarberina.it\/?product=barbabietola-pronta-290g\",\"url\":\"http:\/\/labarberina.it\/?product=barbabietola-pronta-290g\",\"name\":\"barbabietola pronta 290g - LaBarberina\",\"isPartOf\":{\"@id\":\"https:\/\/labarberina.it\/#website\"},\"datePublished\":\"2020-12-16T16:10:15+00:00\",\"dateModified\":\"2021-01-03T16:20:37+00:00\",\"breadcrumb\":{\"@id\":\"http:\/\/labarberina.it\/?product=barbabietola-pronta-290g#breadcrumb\"},\"inLanguage\":\"it-IT\",\"potentialAction\":[{\"@type\":\"ReadAction\",\"target\":[\"http:\/\/labarberina.it\/?product=barbabietola-pronta-290g\"]}]},{\"@type\":\"BreadcrumbList\",\"@id\":\"http:\/\/labarberina.it\/?product=barbabietola-pronta-290g#breadcrumb\",\"itemListElement\":[{\"@type\":\"ListItem\",\"position\":1,\"name\":\"Home\",\"item\":\"https:\/\/labarberina.it\/\"},{\"@type\":\"ListItem\",\"position\":2,\"name\":\"negozio.\",\"item\":\"https:\/\/labarberina.it\/?page_id=437\"},{\"@type\":\"ListItem\",\"position\":3,\"name\":\"barbabietola pronta 290g\"}]},{\"@type\":\"WebSite\",\"@id\":\"https:\/\/labarberina.it\/#website\",\"url\":\"https:\/\/labarberina.it\/\",\"name\":\"LaBarberina\",\"description\":\"agricoltura naturale e ospitalit\u00e0 contadina\",\"publisher\":{\"@id\":\"https:\/\/labarberina.it\/#organization\"},\"potentialAction\":[{\"@type\":\"SearchAction\",\"target\":{\"@type\":\"EntryPoint\",\"urlTemplate\":\"https:\/\/labarberina.it\/?s={search_term_string}\"},\"query-input\":\"required name=search_term_string\"}],\"inLanguage\":\"it-IT\"},{\"@type\":\"Organization\",\"@id\":\"https:\/\/labarberina.it\/#organization\",\"name\":\"azienda agricola la barberina\",\"url\":\"https:\/\/labarberina.it\/\",\"logo\":{\"@type\":\"ImageObject\",\"inLanguage\":\"it-IT\",\"@id\":\"https:\/\/labarberina.it\/#\/schema\/logo\/image\/\",\"url\":\"https:\/\/labarberina.it\/wp-content\/uploads\/2020\/12\/LogoBarberina_Linguetta01.jpg\",\"contentUrl\":\"https:\/\/labarberina.it\/wp-content\/uploads\/2020\/12\/LogoBarberina_Linguetta01.jpg\",\"width\":1634,\"height\":1333,\"caption\":\"azienda agricola la barberina\"},\"image\":{\"@id\":\"https:\/\/labarberina.it\/#\/schema\/logo\/image\/\"},\"sameAs\":[\"https:\/\/www.instagram.com\/la_barberina\/\",\"https:\/\/www.facebook.com\/labarberina\/\"]}]}<\/script>\n<!-- \/ Yoast SEO plugin. -->","yoast_head_json":{"title":"barbabietola pronta 290g - LaBarberina","robots":{"index":"index","follow":"follow","max-snippet":"max-snippet:-1","max-image-preview":"max-image-preview:large","max-video-preview":"max-video-preview:-1"},"canonical":"http:\/\/labarberina.it\/?product=barbabietola-pronta-290g","og_locale":"it_IT","og_type":"article","og_title":"barbabietola pronta 290g - LaBarberina","og_description":"la barbabietola rossa \u00e8 considerata il superfood per gli sportivi perch\u00e8 ricca di propriet\u00e0 benefiche. E' ricca di vitamine e minerali, rafforza le difese naturali, \u00e8 considerato un ottimo antiossidante. Il caratteristico colore rosso \u00e8 dato dalla betanina, una sostanza che aiuta anche la depurazione del fegato.  La nostra barbabietola, coltivata senza diserbanti ne pesticidi chimici, viene raccolta, lavorata artigianalmente, cotta a vapore, e quindi confezionata in un comodo vaso di vetro insieme ad un sugo a base di aceto di mele, olio extravergine di oliva, olio di semi di girasole. Salute e gusto, pronti da mangiare!","og_url":"http:\/\/labarberina.it\/?product=barbabietola-pronta-290g","og_site_name":"LaBarberina","article_publisher":"https:\/\/www.facebook.com\/labarberina\/","article_modified_time":"2021-01-03T16:20:37+00:00","og_image":[{"width":567,"height":567,"url":"http:\/\/labarberina.it\/wp-content\/uploads\/2020\/12\/Bottega_E-Shop-ImmProd_RavaES.jpg","type":"image\/jpeg"}],"twitter_card":"summary_large_image","schema":{"@context":"https:\/\/schema.org","@graph":[{"@type":"WebPage","@id":"http:\/\/labarberina.it\/?product=barbabietola-pronta-290g","url":"http:\/\/labarberina.it\/?product=barbabietola-pronta-290g","name":"barbabietola pronta 290g - LaBarberina","isPartOf":{"@id":"https:\/\/labarberina.it\/#website"},"datePublished":"2020-12-16T16:10:15+00:00","dateModified":"2021-01-03T16:20:37+00:00","breadcrumb":{"@id":"http:\/\/labarberina.it\/?product=barbabietola-pronta-290g#breadcrumb"},"inLanguage":"it-IT","potentialAction":[{"@type":"ReadAction","target":["http:\/\/labarberina.it\/?product=barbabietola-pronta-290g"]}]},{"@type":"BreadcrumbList","@id":"http:\/\/labarberina.it\/?product=barbabietola-pronta-290g#breadcrumb","itemListElement":[{"@type":"ListItem","position":1,"name":"Home","item":"https:\/\/labarberina.it\/"},{"@type":"ListItem","position":2,"name":"negozio.","item":"https:\/\/labarberina.it\/?page_id=437"},{"@type":"ListItem","position":3,"name":"barbabietola pronta 290g"}]},{"@type":"WebSite","@id":"https:\/\/labarberina.it\/#website","url":"https:\/\/labarberina.it\/","name":"LaBarberina","description":"agricoltura naturale e ospitalit\u00e0 contadina","publisher":{"@id":"https:\/\/labarberina.it\/#organization"},"potentialAction":[{"@type":"SearchAction","target":{"@type":"EntryPoint","urlTemplate":"https:\/\/labarberina.it\/?s={search_term_string}"},"query-input":"required name=search_term_string"}],"inLanguage":"it-IT"},{"@type":"Organization","@id":"https:\/\/labarberina.it\/#organization","name":"azienda agricola la barberina","url":"https:\/\/labarberina.it\/","logo":{"@type":"ImageObject","inLanguage":"it-IT","@id":"https:\/\/labarberina.it\/#\/schema\/logo\/image\/","url":"https:\/\/labarberina.it\/wp-content\/uploads\/2020\/12\/LogoBarberina_Linguetta01.jpg","contentUrl":"https:\/\/labarberina.it\/wp-content\/uploads\/2020\/12\/LogoBarberina_Linguetta01.jpg","width":1634,"height":1333,"caption":"azienda agricola la barberina"},"image":{"@id":"https:\/\/labarberina.it\/#\/schema\/logo\/image\/"},"sameAs":["https:\/\/www.instagram.com\/la_barberina\/","https:\/\/www.facebook.com\/labarberina\/"]}]}},"_links":{"self":[{"href":"http:\/\/labarberina.it\/index.php?rest_route=\/wp\/v2\/product\/441","targetHints":{"allow":["GET"]}}],"collection":[{"href":"http:\/\/labarberina.it\/index.php?rest_route=\/wp\/v2\/product"}],"about":[{"href":"http:\/\/labarberina.it\/index.php?rest_route=\/wp\/v2\/types\/product"}],"replies":[{"embeddable":true,"href":"http:\/\/labarberina.it\/index.php?rest_route=%2Fwp%2Fv2%2Fcomments&post=441"}],"wp:featuredmedia":[{"embeddable":true,"href":"http:\/\/labarberina.it\/index.php?rest_route=\/wp\/v2\/media\/3109"}],"wp:attachment":[{"href":"http:\/\/labarberina.it\/index.php?rest_route=%2Fwp%2Fv2%2Fmedia&parent=441"}],"wp:term":[{"taxonomy":"product_cat","embeddable":true,"href":"http:\/\/labarberina.it\/index.php?rest_route=%2Fwp%2Fv2%2Fproduct_cat&post=441"},{"taxonomy":"product_tag","embeddable":true,"href":"http:\/\/labarberina.it\/index.php?rest_route=%2Fwp%2Fv2%2Fproduct_tag&post=441"}],"curies":[{"name":"wp","href":"https:\/\/api.w.org\/{rel}","templated":true}]}}